{"id":20625,"date":"2024-04-25T01:06:05","date_gmt":"2024-04-24T23:06:05","guid":{"rendered":"https:\/\/elodie-dulac.fr\/?page_id=20625"},"modified":"2024-11-21T17:21:53","modified_gmt":"2024-11-21T16:21:53","slug":"stage-nepal-a-katmandu","status":"publish","type":"page","link":"https:\/\/elodie-dulac.fr\/index.php\/stage-nepal-a-katmandu\/","title":{"rendered":"Cours novembre \u00e0 Katmandu"},"content":{"rendered":"<section  class='av_textblock_section av-m3q6qa2y-001486acbae5ca4664879c87e6cc7604'  itemscope=\"itemscope\" itemtype=\"https:\/\/schema.org\/CreativeWork\" ><div class='avia_textblock'  itemprop=\"text\" ><h3 style=\"text-align: center;\"><span style=\"color: #ffb43f;\"><strong>RAHUL BHARTI<\/strong>\u00a0<\/span><\/h3>\n<h3 style=\"text-align: center;\">STAGE D&rsquo; 1 MOIS AU NEPAL<\/h3>\n<\/div><\/section>\n<div  class='hr av-1gsg2vl-90a05d25ec50af01daeb5d3382cc84f3 hr-default  avia-builder-el-1  el_after_av_textblock  el_before_av_textblock '><span class='hr-inner '><span class=\"hr-inner-style\"><\/span><\/span><\/div>\n<section  class='av_textblock_section av-m3q7mut0-af0cadc623663a56a2a6fd330869166b'  itemscope=\"itemscope\" itemtype=\"https:\/\/schema.org\/CreativeWork\" ><div class='avia_textblock'  itemprop=\"text\" ><p><strong>Ce stage au N\u00e9pal est le niveau 1<\/strong> des enseignements de Rahul Bharti.<\/p>\n<h5><strong>Le stage nomm\u00e9 \u00ab\u00a0\u00cates-vous pr\u00eats ?\u00a0\u00bb<\/strong> correspond \u00e0 l&rsquo;introduction de ce niveau 1 d&rsquo;un mois, et pr\u00e9sente le fondement des enseignements. En 5 jours, extr\u00eamement riche et dense, <strong>ce stage constitue \u00e0 lui seul une base \u00e0 conna\u00eetre et \u00e0 pratiquer<\/strong> avant d&rsquo;aller plus loin dans l&rsquo;apprentissage. Parce que peu de personne l&rsquo;assimile en une fois, il est repris et pratiqu\u00e9 en d\u00e9but de stage au N\u00e9pal, afin que chacun puisse l&rsquo;int\u00e9grer pleinement.<\/h5>\n<\/div><\/section>\n<section  class='av_textblock_section av-m3q7s7br-c9575d620b1667dabd55f1c4897a60b0'  itemscope=\"itemscope\" itemtype=\"https:\/\/schema.org\/CreativeWork\" ><div class='avia_textblock'  itemprop=\"text\" ><h5><strong>Ci-dessous, la plaquette de novembre 2024 \u00e0 titre indicatif. <\/strong>Les inscriptions de 2025 ne sont pas encore ouvertes et le tarif peut \u00eatre r\u00e9actualis\u00e9 en fonction des frais de la pension compl\u00e8te.<\/h5>\n<h5>La traduction fran\u00e7aise n&rsquo;est pas garantie au N\u00e9pal. Renseignez-vous aupr\u00e8s de Melissa lors de l&rsquo;inscription.<\/h5>\n<\/div><\/section>\n<div  class='hr av-123vg0h-21e0037df413940226b6f74fb88ca661 hr-default  avia-builder-el-4  el_after_av_textblock  el_before_av_image '><span class='hr-inner '><span class=\"hr-inner-style\"><\/span><\/span><\/div>\n\n<style type=\"text\/css\" data-created_by=\"avia_inline_auto\" id=\"style-css-av-uym1ip-ec9d2811b08fcedf2d98627e78bc204f\">\n.avia-image-container.av-uym1ip-ec9d2811b08fcedf2d98627e78bc204f img.avia_image{\nbox-shadow:none;\n}\n.avia-image-container.av-uym1ip-ec9d2811b08fcedf2d98627e78bc204f .av-image-caption-overlay-center{\ncolor:#ffffff;\n}\n<\/style>\n<div  class='avia-image-container av-uym1ip-ec9d2811b08fcedf2d98627e78bc204f av-styling- avia-align-center  avia-builder-el-5  el_after_av_hr  el_before_av_hr '   itemprop=\"image\" itemscope=\"itemscope\" itemtype=\"https:\/\/schema.org\/ImageObject\" ><div class=\"avia-image-container-inner\"><div class=\"avia-image-overlay-wrap\"><img decoding=\"async\" class='wp-image- avia-img-lazy-loading-not- avia_image ' src=\"https:\/\/elodie-dulac.fr\/wp-content\/uploads\/2024\/04\/INFORMATION-ANCIENT-HEALING-RETREAT-NEPAL-2024-pdf.jpg\" alt='' title=''   itemprop=\"thumbnailUrl\"  \/><\/div><\/div><\/div>\n<div  class='hr av-37qql2p-0d476c58845bb0b543a59496265a8137 hr-default  avia-builder-el-6  el_after_av_image  el_before_av_image '><span class='hr-inner '><span class=\"hr-inner-style\"><\/span><\/span><\/div>\n\n<style type=\"text\/css\" data-created_by=\"avia_inline_auto\" id=\"style-css-av-lvefxk9l-8ba08133269e9ba16a1437b0242dafc3\">\n.avia-image-container.av-lvefxk9l-8ba08133269e9ba16a1437b0242dafc3 img.avia_image{\nbox-shadow:none;\n}\n.avia-image-container.av-lvefxk9l-8ba08133269e9ba16a1437b0242dafc3 .av-image-caption-overlay-center{\ncolor:#ffffff;\n}\n<\/style>\n<div  class='avia-image-container av-lvefxk9l-8ba08133269e9ba16a1437b0242dafc3 av-styling- avia-align-center  avia-builder-el-7  el_after_av_hr  el_before_av_hr '   itemprop=\"image\" itemscope=\"itemscope\" itemtype=\"https:\/\/schema.org\/ImageObject\" ><div class=\"avia-image-container-inner\"><div class=\"avia-image-overlay-wrap\"><img decoding=\"async\" class='wp-image-20632 avia-img-lazy-loading-not-20632 avia_image ' src=\"https:\/\/elodie-dulac.fr\/wp-content\/uploads\/2024\/04\/Capture-decran-2024-04-25-a-01.17.36.png\" alt='' title='Capture d\u2019\u00e9cran 2024-04-25 \u00e0 01.17.36'  height=\"1534\" width=\"1188\"  itemprop=\"thumbnailUrl\" srcset=\"https:\/\/elodie-dulac.fr\/wp-content\/uploads\/2024\/04\/Capture-decran-2024-04-25-a-01.17.36.png 1188w, https:\/\/elodie-dulac.fr\/wp-content\/uploads\/2024\/04\/Capture-decran-2024-04-25-a-01.17.36-232x300.png 232w, https:\/\/elodie-dulac.fr\/wp-content\/uploads\/2024\/04\/Capture-decran-2024-04-25-a-01.17.36-798x1030.png 798w, https:\/\/elodie-dulac.fr\/wp-content\/uploads\/2024\/04\/Capture-decran-2024-04-25-a-01.17.36-768x992.png 768w, https:\/\/elodie-dulac.fr\/wp-content\/uploads\/2024\/04\/Capture-decran-2024-04-25-a-01.17.36-1162x1500.png 1162w, https:\/\/elodie-dulac.fr\/wp-content\/uploads\/2024\/04\/Capture-decran-2024-04-25-a-01.17.36-546x705.png 546w\" sizes=\"(max-width: 1188px) 100vw, 1188px\" \/><\/div><\/div><\/div>\n<div  class='hr av-29lrm5t-ae3acc226b309bbac1d6a6bcc3bdb1da hr-default  avia-builder-el-8  el_after_av_image  el_before_av_image '><span class='hr-inner '><span class=\"hr-inner-style\"><\/span><\/span><\/div>\n\n<style type=\"text\/css\" data-created_by=\"avia_inline_auto\" id=\"style-css-av-lvefz8ok-fedc4a1638d0462402cdb0d5e05ced9f\">\n.avia-image-container.av-lvefz8ok-fedc4a1638d0462402cdb0d5e05ced9f img.avia_image{\nbox-shadow:none;\n}\n.avia-image-container.av-lvefz8ok-fedc4a1638d0462402cdb0d5e05ced9f .av-image-caption-overlay-center{\ncolor:#ffffff;\n}\n<\/style>\n<div  class='avia-image-container av-lvefz8ok-fedc4a1638d0462402cdb0d5e05ced9f av-styling- avia-align-center  avia-builder-el-9  el_after_av_hr  el_before_av_hr '   itemprop=\"image\" itemscope=\"itemscope\" itemtype=\"https:\/\/schema.org\/ImageObject\" ><div class=\"avia-image-container-inner\"><div class=\"avia-image-overlay-wrap\"><img decoding=\"async\" class='wp-image-20636 avia-img-lazy-loading-not-20636 avia_image ' src=\"https:\/\/elodie-dulac.fr\/wp-content\/uploads\/2024\/04\/Capture-decran-2024-04-25-a-01.18.49.png\" alt='' title='Capture d\u2019\u00e9cran 2024-04-25 \u00e0 01.18.49'  height=\"1606\" width=\"1188\"  itemprop=\"thumbnailUrl\" srcset=\"https:\/\/elodie-dulac.fr\/wp-content\/uploads\/2024\/04\/Capture-decran-2024-04-25-a-01.18.49.png 1188w, https:\/\/elodie-dulac.fr\/wp-content\/uploads\/2024\/04\/Capture-decran-2024-04-25-a-01.18.49-222x300.png 222w, https:\/\/elodie-dulac.fr\/wp-content\/uploads\/2024\/04\/Capture-decran-2024-04-25-a-01.18.49-762x1030.png 762w, https:\/\/elodie-dulac.fr\/wp-content\/uploads\/2024\/04\/Capture-decran-2024-04-25-a-01.18.49-768x1038.png 768w, https:\/\/elodie-dulac.fr\/wp-content\/uploads\/2024\/04\/Capture-decran-2024-04-25-a-01.18.49-1136x1536.png 1136w, https:\/\/elodie-dulac.fr\/wp-content\/uploads\/2024\/04\/Capture-decran-2024-04-25-a-01.18.49-1110x1500.png 1110w, https:\/\/elodie-dulac.fr\/wp-content\/uploads\/2024\/04\/Capture-decran-2024-04-25-a-01.18.49-522x705.png 522w\" sizes=\"(max-width: 1188px) 100vw, 1188px\" \/><\/div><\/div><\/div>\n<div  class='hr av-1jkerch-c5e9e7e1652a4b54bf3e777df1c954bc hr-default  avia-builder-el-10  el_after_av_image  el_before_av_image '><span class='hr-inner '><span class=\"hr-inner-style\"><\/span><\/span><\/div>\n\n<style type=\"text\/css\" data-created_by=\"avia_inline_auto\" id=\"style-css-av-lvefzytf-2ba8d230abe8aa84176a51f7b6b90d1e\">\n.avia-image-container.av-lvefzytf-2ba8d230abe8aa84176a51f7b6b90d1e img.avia_image{\nbox-shadow:none;\n}\n.avia-image-container.av-lvefzytf-2ba8d230abe8aa84176a51f7b6b90d1e .av-image-caption-overlay-center{\ncolor:#ffffff;\n}\n<\/style>\n<div  class='avia-image-container av-lvefzytf-2ba8d230abe8aa84176a51f7b6b90d1e av-styling- avia-align-center  avia-builder-el-11  el_after_av_hr  el_before_av_hr '   itemprop=\"image\" itemscope=\"itemscope\" itemtype=\"https:\/\/schema.org\/ImageObject\" ><div class=\"avia-image-container-inner\"><div class=\"avia-image-overlay-wrap\"><img decoding=\"async\" class='wp-image-20635 avia-img-lazy-loading-not-20635 avia_image ' src=\"https:\/\/elodie-dulac.fr\/wp-content\/uploads\/2024\/04\/Capture-decran-2024-04-25-a-01.19.03.png\" alt='' title='Capture d\u2019\u00e9cran 2024-04-25 \u00e0 01.19.03'  height=\"1608\" width=\"1188\"  itemprop=\"thumbnailUrl\" srcset=\"https:\/\/elodie-dulac.fr\/wp-content\/uploads\/2024\/04\/Capture-decran-2024-04-25-a-01.19.03.png 1188w, https:\/\/elodie-dulac.fr\/wp-content\/uploads\/2024\/04\/Capture-decran-2024-04-25-a-01.19.03-222x300.png 222w, https:\/\/elodie-dulac.fr\/wp-content\/uploads\/2024\/04\/Capture-decran-2024-04-25-a-01.19.03-761x1030.png 761w, https:\/\/elodie-dulac.fr\/wp-content\/uploads\/2024\/04\/Capture-decran-2024-04-25-a-01.19.03-768x1040.png 768w, https:\/\/elodie-dulac.fr\/wp-content\/uploads\/2024\/04\/Capture-decran-2024-04-25-a-01.19.03-1135x1536.png 1135w, https:\/\/elodie-dulac.fr\/wp-content\/uploads\/2024\/04\/Capture-decran-2024-04-25-a-01.19.03-1108x1500.png 1108w, https:\/\/elodie-dulac.fr\/wp-content\/uploads\/2024\/04\/Capture-decran-2024-04-25-a-01.19.03-521x705.png 521w\" sizes=\"(max-width: 1188px) 100vw, 1188px\" \/><\/div><\/div><\/div>\n<div  class='hr av-1cpkfxt-89d8242b4a0aadd3bb03228627be0a05 hr-default  avia-builder-el-12  el_after_av_image  el_before_av_image '><span class='hr-inner '><span class=\"hr-inner-style\"><\/span><\/span><\/div>\n\n<style type=\"text\/css\" data-created_by=\"avia_inline_auto\" id=\"style-css-av-lveg0fpx-9e594ccae8498099eeb9a6fced755313\">\n.avia-image-container.av-lveg0fpx-9e594ccae8498099eeb9a6fced755313 img.avia_image{\nbox-shadow:none;\n}\n.avia-image-container.av-lveg0fpx-9e594ccae8498099eeb9a6fced755313 .av-image-caption-overlay-center{\ncolor:#ffffff;\n}\n<\/style>\n<div  class='avia-image-container av-lveg0fpx-9e594ccae8498099eeb9a6fced755313 av-styling- avia-align-center  avia-builder-el-13  el_after_av_hr  el_before_av_hr '   itemprop=\"image\" itemscope=\"itemscope\" itemtype=\"https:\/\/schema.org\/ImageObject\" ><div class=\"avia-image-container-inner\"><div class=\"avia-image-overlay-wrap\"><img decoding=\"async\" class='wp-image-20634 avia-img-lazy-loading-not-20634 avia_image ' src=\"https:\/\/elodie-dulac.fr\/wp-content\/uploads\/2024\/04\/Capture-decran-2024-04-25-a-01.19.17.png\" alt='' title='Capture d\u2019\u00e9cran 2024-04-25 \u00e0 01.19.17'  height=\"1610\" width=\"1184\"  itemprop=\"thumbnailUrl\" srcset=\"https:\/\/elodie-dulac.fr\/wp-content\/uploads\/2024\/04\/Capture-decran-2024-04-25-a-01.19.17.png 1184w, https:\/\/elodie-dulac.fr\/wp-content\/uploads\/2024\/04\/Capture-decran-2024-04-25-a-01.19.17-221x300.png 221w, https:\/\/elodie-dulac.fr\/wp-content\/uploads\/2024\/04\/Capture-decran-2024-04-25-a-01.19.17-757x1030.png 757w, https:\/\/elodie-dulac.fr\/wp-content\/uploads\/2024\/04\/Capture-decran-2024-04-25-a-01.19.17-768x1044.png 768w, https:\/\/elodie-dulac.fr\/wp-content\/uploads\/2024\/04\/Capture-decran-2024-04-25-a-01.19.17-1130x1536.png 1130w, https:\/\/elodie-dulac.fr\/wp-content\/uploads\/2024\/04\/Capture-decran-2024-04-25-a-01.19.17-1103x1500.png 1103w, https:\/\/elodie-dulac.fr\/wp-content\/uploads\/2024\/04\/Capture-decran-2024-04-25-a-01.19.17-518x705.png 518w\" sizes=\"(max-width: 1184px) 100vw, 1184px\" \/><\/div><\/div><\/div>\n<div  class='hr av-jurbn5-b5f3873a35e1c3b1944f51280e941828 hr-default  avia-builder-el-14  el_after_av_image  el_before_av_image '><span class='hr-inner '><span class=\"hr-inner-style\"><\/span><\/span><\/div>\n\n<style type=\"text\/css\" data-created_by=\"avia_inline_auto\" id=\"style-css-av-lvefxufp-4ae09e218d3ded7ed14189dd0eb0cdf7\">\n.avia-image-container.av-lvefxufp-4ae09e218d3ded7ed14189dd0eb0cdf7 img.avia_image{\nbox-shadow:none;\n}\n.avia-image-container.av-lvefxufp-4ae09e218d3ded7ed14189dd0eb0cdf7 .av-image-caption-overlay-center{\ncolor:#ffffff;\n}\n<\/style>\n<div  class='avia-image-container av-lvefxufp-4ae09e218d3ded7ed14189dd0eb0cdf7 av-styling- avia-align-center  avia-builder-el-15  el_after_av_hr  avia-builder-el-last '   itemprop=\"image\" itemscope=\"itemscope\" itemtype=\"https:\/\/schema.org\/ImageObject\" ><div class=\"avia-image-container-inner\"><div class=\"avia-image-overlay-wrap\"><img decoding=\"async\" class='wp-image-20633 avia-img-lazy-loading-not-20633 avia_image ' src=\"https:\/\/elodie-dulac.fr\/wp-content\/uploads\/2024\/04\/Capture-decran-2024-04-25-a-01.19.39.png\" alt='' title='Capture d\u2019\u00e9cran 2024-04-25 \u00e0 01.19.39'  height=\"1608\" width=\"1186\"  itemprop=\"thumbnailUrl\" srcset=\"https:\/\/elodie-dulac.fr\/wp-content\/uploads\/2024\/04\/Capture-decran-2024-04-25-a-01.19.39.png 1186w, https:\/\/elodie-dulac.fr\/wp-content\/uploads\/2024\/04\/Capture-decran-2024-04-25-a-01.19.39-221x300.png 221w, https:\/\/elodie-dulac.fr\/wp-content\/uploads\/2024\/04\/Capture-decran-2024-04-25-a-01.19.39-760x1030.png 760w, https:\/\/elodie-dulac.fr\/wp-content\/uploads\/2024\/04\/Capture-decran-2024-04-25-a-01.19.39-768x1041.png 768w, https:\/\/elodie-dulac.fr\/wp-content\/uploads\/2024\/04\/Capture-decran-2024-04-25-a-01.19.39-1133x1536.png 1133w, https:\/\/elodie-dulac.fr\/wp-content\/uploads\/2024\/04\/Capture-decran-2024-04-25-a-01.19.39-1106x1500.png 1106w, https:\/\/elodie-dulac.fr\/wp-content\/uploads\/2024\/04\/Capture-decran-2024-04-25-a-01.19.39-520x705.png 520w\" sizes=\"(max-width: 1186px) 100vw, 1186px\" \/><\/div><\/div><\/div>\n","protected":false},"excerpt":{"rendered":"","protected":false},"author":1,"featured_media":0,"parent":0,"menu_order":0,"comment_status":"closed","ping_status":"closed","template":"","meta":{"footnotes":""},"class_list":["post-20625","page","type-page","status-publish","hentry"],"yoast_head":"<!-- This site is optimized with the Yoast SEO plugin v26.5 - https:\/\/yoast.com\/wordpress\/plugins\/seo\/ -->\n<title>Cours novembre \u00e0 Katmandu - Elodie Dulac<\/title>\n<meta name=\"description\" content=\"D\u00e9couvrir les stages d&#039; 1 mois \u00e0 Katmandu au N\u00e9pal avec Rahul Bharti. M\u00e9ditations, ancient stretches, massage tha\u00ef ancien, bols tib\u00e9tains...\" \/>\n<meta name=\"robots\" content=\"index, follow, max-snippet:-1, max-image-preview:large, max-video-preview:-1\" \/>\n<link rel=\"canonical\" href=\"https:\/\/elodie-dulac.fr\/index.php\/stage-nepal-a-katmandu\/\" \/>\n<meta property=\"og:locale\" content=\"fr_FR\" \/>\n<meta property=\"og:type\" content=\"article\" \/>\n<meta property=\"og:title\" content=\"Cours novembre \u00e0 Katmandu - Elodie Dulac\" \/>\n<meta property=\"og:description\" content=\"D\u00e9couvrir les stages d&#039; 1 mois \u00e0 Katmandu au N\u00e9pal avec Rahul Bharti. M\u00e9ditations, ancient stretches, massage tha\u00ef ancien, bols tib\u00e9tains...\" \/>\n<meta property=\"og:url\" content=\"https:\/\/elodie-dulac.fr\/index.php\/stage-nepal-a-katmandu\/\" \/>\n<meta property=\"og:site_name\" content=\"Elodie Dulac\" \/>\n<meta property=\"article:publisher\" content=\"https:\/\/www.facebook.com\/Energ%c3%a9tique-massage-ancien-sophrologie-981665918679608\/notifications\/?notif_id=1535717918427252&amp;amp%3bamp%3bamp%3bamp%3bamp%3bnotif_t=page_user_activity&amp;amp%3bamp%3bamp%3bamp%3bamp%3bref=notif\" \/>\n<meta property=\"article:modified_time\" content=\"2024-11-21T16:21:53+00:00\" \/>\n<meta name=\"twitter:card\" content=\"summary_large_image\" \/>\n<meta name=\"twitter:label1\" content=\"Dur\u00e9e de lecture estim\u00e9e\" \/>\n\t<meta name=\"twitter:data1\" content=\"5 minutes\" \/>\n<script type=\"application\/ld+json\" class=\"yoast-schema-graph\">{\"@context\":\"https:\/\/schema.org\",\"@graph\":[{\"@type\":\"WebPage\",\"@id\":\"https:\/\/elodie-dulac.fr\/index.php\/stage-nepal-a-katmandu\/\",\"url\":\"https:\/\/elodie-dulac.fr\/index.php\/stage-nepal-a-katmandu\/\",\"name\":\"Cours novembre \u00e0 Katmandu - Elodie Dulac\",\"isPartOf\":{\"@id\":\"https:\/\/elodie-dulac.fr\/#website\"},\"datePublished\":\"2024-04-24T23:06:05+00:00\",\"dateModified\":\"2024-11-21T16:21:53+00:00\",\"description\":\"D\u00e9couvrir les stages d' 1 mois \u00e0 Katmandu au N\u00e9pal avec Rahul Bharti. M\u00e9ditations, ancient stretches, massage tha\u00ef ancien, bols tib\u00e9tains...\",\"breadcrumb\":{\"@id\":\"https:\/\/elodie-dulac.fr\/index.php\/stage-nepal-a-katmandu\/#breadcrumb\"},\"inLanguage\":\"fr-FR\",\"potentialAction\":[{\"@type\":\"ReadAction\",\"target\":[\"https:\/\/elodie-dulac.fr\/index.php\/stage-nepal-a-katmandu\/\"]}]},{\"@type\":\"BreadcrumbList\",\"@id\":\"https:\/\/elodie-dulac.fr\/index.php\/stage-nepal-a-katmandu\/#breadcrumb\",\"itemListElement\":[{\"@type\":\"ListItem\",\"position\":1,\"name\":\"Accueil\",\"item\":\"https:\/\/elodie-dulac.fr\/index.php\/energie-massage-sophrologie-soin-energetique-bols\/\"},{\"@type\":\"ListItem\",\"position\":2,\"name\":\"Cours novembre \u00e0 Katmandu\"}]},{\"@type\":\"WebSite\",\"@id\":\"https:\/\/elodie-dulac.fr\/#website\",\"url\":\"https:\/\/elodie-dulac.fr\/\",\"name\":\"Elodie Dulac\",\"description\":\"Les chemins de l&#039;\u00e9nergie\",\"potentialAction\":[{\"@type\":\"SearchAction\",\"target\":{\"@type\":\"EntryPoint\",\"urlTemplate\":\"https:\/\/elodie-dulac.fr\/?s={search_term_string}\"},\"query-input\":{\"@type\":\"PropertyValueSpecification\",\"valueRequired\":true,\"valueName\":\"search_term_string\"}}],\"inLanguage\":\"fr-FR\"}]}<\/script>\n<!-- \/ Yoast SEO plugin. -->","yoast_head_json":{"title":"Cours novembre \u00e0 Katmandu - Elodie Dulac","description":"D\u00e9couvrir les stages d' 1 mois \u00e0 Katmandu au N\u00e9pal avec Rahul Bharti. M\u00e9ditations, ancient stretches, massage tha\u00ef ancien, bols tib\u00e9tains...","robots":{"index":"index","follow":"follow","max-snippet":"max-snippet:-1","max-image-preview":"max-image-preview:large","max-video-preview":"max-video-preview:-1"},"canonical":"https:\/\/elodie-dulac.fr\/index.php\/stage-nepal-a-katmandu\/","og_locale":"fr_FR","og_type":"article","og_title":"Cours novembre \u00e0 Katmandu - Elodie Dulac","og_description":"D\u00e9couvrir les stages d' 1 mois \u00e0 Katmandu au N\u00e9pal avec Rahul Bharti. M\u00e9ditations, ancient stretches, massage tha\u00ef ancien, bols tib\u00e9tains...","og_url":"https:\/\/elodie-dulac.fr\/index.php\/stage-nepal-a-katmandu\/","og_site_name":"Elodie Dulac","article_publisher":"https:\/\/www.facebook.com\/Energ%c3%a9tique-massage-ancien-sophrologie-981665918679608\/notifications\/?notif_id=1535717918427252&amp%3bamp%3bamp%3bamp%3bamp%3bnotif_t=page_user_activity&amp%3bamp%3bamp%3bamp%3bamp%3bref=notif","article_modified_time":"2024-11-21T16:21:53+00:00","twitter_card":"summary_large_image","twitter_misc":{"Dur\u00e9e de lecture estim\u00e9e":"5 minutes"},"schema":{"@context":"https:\/\/schema.org","@graph":[{"@type":"WebPage","@id":"https:\/\/elodie-dulac.fr\/index.php\/stage-nepal-a-katmandu\/","url":"https:\/\/elodie-dulac.fr\/index.php\/stage-nepal-a-katmandu\/","name":"Cours novembre \u00e0 Katmandu - Elodie Dulac","isPartOf":{"@id":"https:\/\/elodie-dulac.fr\/#website"},"datePublished":"2024-04-24T23:06:05+00:00","dateModified":"2024-11-21T16:21:53+00:00","description":"D\u00e9couvrir les stages d' 1 mois \u00e0 Katmandu au N\u00e9pal avec Rahul Bharti. M\u00e9ditations, ancient stretches, massage tha\u00ef ancien, bols tib\u00e9tains...","breadcrumb":{"@id":"https:\/\/elodie-dulac.fr\/index.php\/stage-nepal-a-katmandu\/#breadcrumb"},"inLanguage":"fr-FR","potentialAction":[{"@type":"ReadAction","target":["https:\/\/elodie-dulac.fr\/index.php\/stage-nepal-a-katmandu\/"]}]},{"@type":"BreadcrumbList","@id":"https:\/\/elodie-dulac.fr\/index.php\/stage-nepal-a-katmandu\/#breadcrumb","itemListElement":[{"@type":"ListItem","position":1,"name":"Accueil","item":"https:\/\/elodie-dulac.fr\/index.php\/energie-massage-sophrologie-soin-energetique-bols\/"},{"@type":"ListItem","position":2,"name":"Cours novembre \u00e0 Katmandu"}]},{"@type":"WebSite","@id":"https:\/\/elodie-dulac.fr\/#website","url":"https:\/\/elodie-dulac.fr\/","name":"Elodie Dulac","description":"Les chemins de l&#039;\u00e9nergie","potentialAction":[{"@type":"SearchAction","target":{"@type":"EntryPoint","urlTemplate":"https:\/\/elodie-dulac.fr\/?s={search_term_string}"},"query-input":{"@type":"PropertyValueSpecification","valueRequired":true,"valueName":"search_term_string"}}],"inLanguage":"fr-FR"}]}},"_links":{"self":[{"href":"https:\/\/elodie-dulac.fr\/index.php\/wp-json\/wp\/v2\/pages\/20625","targetHints":{"allow":["GET"]}}],"collection":[{"href":"https:\/\/elodie-dulac.fr\/index.php\/wp-json\/wp\/v2\/pages"}],"about":[{"href":"https:\/\/elodie-dulac.fr\/index.php\/wp-json\/wp\/v2\/types\/page"}],"author":[{"embeddable":true,"href":"https:\/\/elodie-dulac.fr\/index.php\/wp-json\/wp\/v2\/users\/1"}],"replies":[{"embeddable":true,"href":"https:\/\/elodie-dulac.fr\/index.php\/wp-json\/wp\/v2\/comments?post=20625"}],"version-history":[{"count":0,"href":"https:\/\/elodie-dulac.fr\/index.php\/wp-json\/wp\/v2\/pages\/20625\/revisions"}],"wp:attachment":[{"href":"https:\/\/elodie-dulac.fr\/index.php\/wp-json\/wp\/v2\/media?parent=20625"}],"curies":[{"name":"wp","href":"https:\/\/api.w.org\/{rel}","templated":true}]}}